{"id":67,"date":"2024-03-15T08:30:24","date_gmt":"2024-03-15T08:30:24","guid":{"rendered":"http:\/\/source.wpopal.com\/razox\/product\/fantastic-small1103-shoes\/"},"modified":"2026-03-14T02:57:51","modified_gmt":"2026-03-14T02:57:51","slug":"redmibusd6","status":"publish","type":"product","link":"https:\/\/applemarket.com.co\/pw\/product\/redmibusd6\/","title":{"rendered":"Redmi Buds6"},"content":{"rendered":"\t\t<div data-elementor-type=\"wp-post\" data-elementor-id=\"67\" class=\"elementor elementor-67\">\n\t\t\t\t<div class=\"elementor-element elementor-element-912d72b e-flex e-con-boxed e-con e-parent\" data-id=\"912d72b\" data-element_type=\"container\" data-e-type=\"container\">\n\t\t\t\t\t<div class=\"e-con-inner\">\n\t\t\t\t<div class=\"elementor-element elementor-element-6d023e1 elementor-widget elementor-widget-text-editor\" data-id=\"6d023e1\" data-element_type=\"widget\" data-e-type=\"widget\" data-widget_type=\"text-editor.default\">\n\t\t\t\t\t\t\t\t\t<p>Lorem ipsum dolor sit amet consectetur adipiscing diam tortor sit feugiat dictum eu diam euismod ultrices convallis eget vel velit posuere mi consequat leo egestas sed odio molestie non imperdiet malesuada.<\/p>\t\t\t\t\t\t\t\t<\/div>\n\t\t<div class=\"elementor-element elementor-element-1d4dabc e-grid e-con-boxed e-con e-child\" data-id=\"1d4dabc\" data-element_type=\"container\" data-e-type=\"container\">\n\t\t\t\t\t<div class=\"e-con-inner\">\n\t\t<div class=\"elementor-element elementor-element-fb905d1 e-flex e-con-boxed e-con e-child\" data-id=\"fb905d1\" data-element_type=\"container\" data-e-type=\"container\">\n\t\t\t\t\t<div class=\"e-con-inner\">\n\t\t\t\t<div class=\"elementor-element elementor-element-9f7b46f subtitle-position-above elementor-widget elementor-widget-heading\" data-id=\"9f7b46f\" data-element_type=\"widget\" data-e-type=\"widget\" data-widget_type=\"heading.default\">\n\t\t\t\t<div class=\"elementor-widget-container\">\n\t\t\t\t\t<div class=\"elementor-heading-wrapper-inner\"><h2 class=\"elementor-heading-title elementor-size-xxl\">Take Control<\/h2><\/div>\t\t\t\t<\/div>\n\t\t\t\t<\/div>\n\t\t\t\t<div class=\"elementor-element elementor-element-ca619f5 elementor-widget elementor-widget-text-editor\" data-id=\"ca619f5\" data-element_type=\"widget\" data-e-type=\"widget\" data-widget_type=\"text-editor.default\">\n\t\t\t\t\t\t\t\t\t<p>There are many variations of passages of Lorem Ipsum available, but the majority have suffered alteration in some form, by injected humour, or randomised words which don&#8217;t look even slightly believable.<\/p>\t\t\t\t\t\t\t\t<\/div>\n\t\t\t\t<div class=\"elementor-element elementor-element-d1e9f10 elementor-widget elementor-widget-image\" data-id=\"d1e9f10\" data-element_type=\"widget\" data-e-type=\"widget\" data-widget_type=\"image.default\">\n\t\t\t\t\t\t\t\t\t\t\t\t\t\t\t<img fetchpriority=\"high\" decoding=\"async\" width=\"450\" height=\"300\" src=\"https:\/\/applemarket.com.co\/pw\/wp-content\/uploads\/2024\/03\/single-product-1.png\" class=\"attachment-full size-full wp-image-750\" alt=\"\" srcset=\"https:\/\/applemarket.com.co\/pw\/wp-content\/uploads\/2024\/03\/single-product-1.png 450w, https:\/\/applemarket.com.co\/pw\/wp-content\/uploads\/2024\/03\/single-product-1-300x200.png 300w\" sizes=\"(max-width: 450px) 100vw, 450px\" \/>\t\t\t\t\t\t\t\t\t\t\t\t\t\t\t<\/div>\n\t\t\t\t\t<\/div>\n\t\t\t\t<\/div>\n\t\t<div class=\"elementor-element elementor-element-37ab805 e-flex e-con-boxed e-con e-child\" data-id=\"37ab805\" data-element_type=\"container\" data-e-type=\"container\">\n\t\t\t\t\t<div class=\"e-con-inner\">\n\t\t\t\t<div class=\"elementor-element elementor-element-8670ccc subtitle-position-above elementor-widget elementor-widget-heading\" data-id=\"8670ccc\" data-element_type=\"widget\" data-e-type=\"widget\" data-widget_type=\"heading.default\">\n\t\t\t\t<div class=\"elementor-widget-container\">\n\t\t\t\t\t<div class=\"elementor-heading-wrapper-inner\"><h2 class=\"elementor-heading-title elementor-size-xxl\">Play-A-Long<\/h2><\/div>\t\t\t\t<\/div>\n\t\t\t\t<\/div>\n\t\t\t\t<div class=\"elementor-element elementor-element-71a7758 elementor-widget elementor-widget-text-editor\" data-id=\"71a7758\" data-element_type=\"widget\" data-e-type=\"widget\" data-widget_type=\"text-editor.default\">\n\t\t\t\t\t\t\t\t\t<p>Lorem ipsum dolor sit amet consectetur adipiscing diam tortor sit feugiat dictum eu diam euismod ultrices convallis eget vel velit posuere mi consequat leo egestas sed odio molestie non imperdiet malesuada.<\/p>\t\t\t\t\t\t\t\t<\/div>\n\t\t\t\t<div class=\"elementor-element elementor-element-a2182ea elementor-widget elementor-widget-image\" data-id=\"a2182ea\" data-element_type=\"widget\" data-e-type=\"widget\" data-widget_type=\"image.default\">\n\t\t\t\t\t\t\t\t\t\t\t\t\t\t\t<img decoding=\"async\" width=\"450\" height=\"300\" src=\"https:\/\/applemarket.com.co\/pw\/wp-content\/uploads\/2024\/03\/single-product-2.png\" class=\"attachment-full size-full wp-image-749\" alt=\"\" srcset=\"https:\/\/applemarket.com.co\/pw\/wp-content\/uploads\/2024\/03\/single-product-2.png 450w, https:\/\/applemarket.com.co\/pw\/wp-content\/uploads\/2024\/03\/single-product-2-300x200.png 300w\" sizes=\"(max-width: 450px) 100vw, 450px\" \/>\t\t\t\t\t\t\t\t\t\t\t\t\t\t\t<\/div>\n\t\t\t\t\t<\/div>\n\t\t\t\t<\/div>\n\t\t\t\t\t<\/div>\n\t\t\t\t<\/div>\n\t\t\t\t<div class=\"elementor-element elementor-element-3c164dd subtitle-position-above elementor-widget elementor-widget-heading\" data-id=\"3c164dd\" data-element_type=\"widget\" data-e-type=\"widget\" data-widget_type=\"heading.default\">\n\t\t\t\t<div class=\"elementor-widget-container\">\n\t\t\t\t\t<div class=\"elementor-heading-wrapper-inner\"><h2 class=\"elementor-heading-title elementor-size-xxl\">Smooth Moves<\/h2><\/div>\t\t\t\t<\/div>\n\t\t\t\t<\/div>\n\t\t\t\t<div class=\"elementor-element elementor-element-699569e elementor-widget elementor-widget-text-editor\" data-id=\"699569e\" data-element_type=\"widget\" data-e-type=\"widget\" data-widget_type=\"text-editor.default\">\n\t\t\t\t\t\t\t\t\t<p>There are many variations of passages of Lorem Ipsum available, but the majority have suffered alteration in some form, by injected humour, or randomised words which don&#8217;t look even slightly believable.<\/p>\t\t\t\t\t\t\t\t<\/div>\n\t\t\t\t<div class=\"elementor-element elementor-element-861963a elementor-widget elementor-widget-text-editor\" data-id=\"861963a\" data-element_type=\"widget\" data-e-type=\"widget\" data-widget_type=\"text-editor.default\">\n\t\t\t\t\t\t\t\t\t<iframe title=\"YouTube video player\" src=\"https:\/\/www.youtube.com\/embed\/a__p_Vr44Oo?si=FQZJ5w4ljezDCXb5\" width=\"100%\" height=\"520\" frameborder=\"0\" allowfullscreen=\"allowfullscreen\"><\/iframe>\t\t\t\t\t\t\t\t<\/div>\n\t\t<div class=\"elementor-element elementor-element-9ad4d2e e-grid e-con-full content-full-width e-con e-child\" data-id=\"9ad4d2e\" data-element_type=\"container\" data-e-type=\"container\">\n\t\t<div class=\"elementor-element elementor-element-0dab642 e-flex e-con-boxed e-con e-child\" data-id=\"0dab642\" data-element_type=\"container\" data-e-type=\"container\" data-settings=\"{&quot;background_background&quot;:&quot;classic&quot;}\">\n\t\t\t\t\t<div class=\"e-con-inner\">\n\t\t<div class=\"elementor-element elementor-element-c722b8a e-con-full e-flex e-con e-child\" data-id=\"c722b8a\" data-element_type=\"container\" data-e-type=\"container\">\n\t\t\t\t<div class=\"elementor-element elementor-element-2ae6cdc subtitle-position-above elementor-widget elementor-widget-heading\" data-id=\"2ae6cdc\" data-element_type=\"widget\" data-e-type=\"widget\" data-widget_type=\"heading.default\">\n\t\t\t\t<div class=\"elementor-widget-container\">\n\t\t\t\t\t<div class=\"elementor-heading-wrapper-inner\"><h2 class=\"elementor-heading-title elementor-size-xxl\">Extremely Customizable<\/h2><\/div>\t\t\t\t<\/div>\n\t\t\t\t<\/div>\n\t\t\t\t<div class=\"elementor-element elementor-element-1fd289e elementor-widget elementor-widget-text-editor\" data-id=\"1fd289e\" data-element_type=\"widget\" data-e-type=\"widget\" data-widget_type=\"text-editor.default\">\n\t\t\t\t\t\t\t\t\tLorem ipsum dolor sit amet consectetur adipiscing diam tortor sit feugiat dictum eu diam euismod ultrices\t\t\t\t\t\t\t\t<\/div>\n\t\t\t\t<\/div>\n\t\t\t\t\t<\/div>\n\t\t\t\t<\/div>\n\t\t<div class=\"elementor-element elementor-element-ff449f9 e-flex e-con-boxed e-con e-child\" data-id=\"ff449f9\" data-element_type=\"container\" data-e-type=\"container\" data-settings=\"{&quot;background_background&quot;:&quot;classic&quot;}\">\n\t\t\t\t\t<div class=\"e-con-inner\">\n\t\t<div class=\"elementor-element elementor-element-3e853fb e-con-full e-flex e-con e-child\" data-id=\"3e853fb\" data-element_type=\"container\" data-e-type=\"container\">\n\t\t\t\t<div class=\"elementor-element elementor-element-e3e3ce4 subtitle-position-above elementor-widget elementor-widget-heading\" data-id=\"e3e3ce4\" data-element_type=\"widget\" data-e-type=\"widget\" data-widget_type=\"heading.default\">\n\t\t\t\t<div class=\"elementor-widget-container\">\n\t\t\t\t\t<div class=\"elementor-heading-wrapper-inner\"><h2 class=\"elementor-heading-title elementor-size-xxl\">Premium Design<\/h2><\/div>\t\t\t\t<\/div>\n\t\t\t\t<\/div>\n\t\t\t\t<div class=\"elementor-element elementor-element-6791ad7 elementor-widget elementor-widget-text-editor\" data-id=\"6791ad7\" data-element_type=\"widget\" data-e-type=\"widget\" data-widget_type=\"text-editor.default\">\n\t\t\t\t\t\t\t\t\tLorem ipsum dolor sit amet consectetur adipiscing diam tortor sit feugiat dictum eu diam euismod ultrices\t\t\t\t\t\t\t\t<\/div>\n\t\t\t\t<\/div>\n\t\t\t\t\t<\/div>\n\t\t\t\t<\/div>\n\t\t\t\t<\/div>\n\t\t<div class=\"elementor-element elementor-element-b2ac2c6 e-con-full content-full-width e-flex e-con e-child\" data-id=\"b2ac2c6\" data-element_type=\"container\" data-e-type=\"container\" data-settings=\"{&quot;background_background&quot;:&quot;classic&quot;}\">\n\t\t\t\t<div class=\"elementor-element elementor-element-3a18fbd elementor-align-center elementor-widget__width-initial subtitle-position-above elementor-widget elementor-widget-heading\" data-id=\"3a18fbd\" data-element_type=\"widget\" data-e-type=\"widget\" data-widget_type=\"heading.default\">\n\t\t\t\t<div class=\"elementor-widget-container\">\n\t\t\t\t\t<div class=\"elementor-heading-wrapper-inner\"><h2 class=\"elementor-heading-title elementor-size-xxl\">Work Hard Play Harder<\/h2><\/div>\t\t\t\t<\/div>\n\t\t\t\t<\/div>\n\t\t\t\t<\/div>\n\t\t\t\t\t<\/div>\n\t\t\t\t<\/div>\n\t\t\t\t<\/div>\n\t\t","protected":false},"excerpt":{"rendered":"<p>Los\u00a0<strong class=\"Yjhzub\" data-sfc-cb=\"\" data-complete=\"true\" data-processed=\"true\">Xiaomi Redmi Buds 6<\/strong> son una serie de auriculares inal\u00e1mbricos (TWS) que destacan por ofrecer caracter\u00edsticas avanzadas como la cancelaci\u00f3n activa de ruido.<\/p>\n","protected":false},"featured_media":4147,"comment_status":"open","ping_status":"closed","template":"","meta":{"pagelayer_contact_templates":[],"_pagelayer_content":""},"product_cat":[45],"product_tag":[79,80],"class_list":{"0":"post-67","1":"product","2":"type-product","3":"status-publish","4":"has-post-thumbnail","6":"product_brand-xiaomi","7":"product_cat-accesorios","8":"product_tag-audifonos-inalambricos","9":"product_tag-redmibuds6","11":"first","12":"instock","13":"taxable","14":"shipping-taxable","15":"purchasable","16":"product-type-simple"},"jetpack_sharing_enabled":true,"_links":{"self":[{"href":"https:\/\/applemarket.com.co\/pw\/wp-json\/wp\/v2\/product\/67","targetHints":{"allow":["GET"]}}],"collection":[{"href":"https:\/\/applemarket.com.co\/pw\/wp-json\/wp\/v2\/product"}],"about":[{"href":"https:\/\/applemarket.com.co\/pw\/wp-json\/wp\/v2\/types\/product"}],"replies":[{"embeddable":true,"href":"https:\/\/applemarket.com.co\/pw\/wp-json\/wp\/v2\/comments?post=67"}],"wp:featuredmedia":[{"embeddable":true,"href":"https:\/\/applemarket.com.co\/pw\/wp-json\/wp\/v2\/media\/4147"}],"wp:attachment":[{"href":"https:\/\/applemarket.com.co\/pw\/wp-json\/wp\/v2\/media?parent=67"}],"wp:term":[{"taxonomy":"product_cat","embeddable":true,"href":"https:\/\/applemarket.com.co\/pw\/wp-json\/wp\/v2\/product_cat?post=67"},{"taxonomy":"product_tag","embeddable":true,"href":"https:\/\/applemarket.com.co\/pw\/wp-json\/wp\/v2\/product_tag?post=67"}],"curies":[{"name":"wp","href":"https:\/\/api.w.org\/{rel}","templated":true}]}}