{"id":4522,"date":"2026-03-26T02:03:15","date_gmt":"2026-03-26T02:03:15","guid":{"rendered":"https:\/\/applemarket.com.co\/pw\/?post_type=product&#038;p=4522"},"modified":"2026-03-26T02:16:39","modified_gmt":"2026-03-26T02:16:39","slug":"ipad-a16-11inch-128-gb-y-pencil-pro","status":"publish","type":"product","link":"https:\/\/applemarket.com.co\/pw\/product\/ipad-a16-11inch-128-gb-y-pencil-pro\/","title":{"rendered":"iPad A16 11(iNCH) 128 Gb y Pencil Pro"},"content":{"rendered":"<p>El l\u00e1piz digital m\u00e1s avanzado de Apple, dise\u00f1ado para creativos con funciones de apretar, girar y respuesta h\u00e1ptica en conjunto con el iPad hecha para quienes llevan sus estudios y trabajo al l\u00edmite.<\/p>\n","protected":false},"excerpt":{"rendered":"<p>iPad A16 11(iNCH) 128 Gb y Pencil Pro<\/p>\n","protected":false},"featured_media":4525,"comment_status":"open","ping_status":"closed","template":"","meta":{"pagelayer_contact_templates":[],"_pagelayer_content":""},"product_cat":[53],"product_tag":[],"class_list":{"0":"post-4522","1":"product","2":"type-product","3":"status-publish","4":"has-post-thumbnail","6":"product_brand-apple","7":"product_cat-ipad","9":"first","10":"instock","11":"virtual","12":"taxable","13":"purchasable","14":"product-type-simple"},"jetpack_sharing_enabled":true,"_links":{"self":[{"href":"https:\/\/applemarket.com.co\/pw\/wp-json\/wp\/v2\/product\/4522","targetHints":{"allow":["GET"]}}],"collection":[{"href":"https:\/\/applemarket.com.co\/pw\/wp-json\/wp\/v2\/product"}],"about":[{"href":"https:\/\/applemarket.com.co\/pw\/wp-json\/wp\/v2\/types\/product"}],"replies":[{"embeddable":true,"href":"https:\/\/applemarket.com.co\/pw\/wp-json\/wp\/v2\/comments?post=4522"}],"wp:featuredmedia":[{"embeddable":true,"href":"https:\/\/applemarket.com.co\/pw\/wp-json\/wp\/v2\/media\/4525"}],"wp:attachment":[{"href":"https:\/\/applemarket.com.co\/pw\/wp-json\/wp\/v2\/media?parent=4522"}],"wp:term":[{"taxonomy":"product_cat","embeddable":true,"href":"https:\/\/applemarket.com.co\/pw\/wp-json\/wp\/v2\/product_cat?post=4522"},{"taxonomy":"product_tag","embeddable":true,"href":"https:\/\/applemarket.com.co\/pw\/wp-json\/wp\/v2\/product_tag?post=4522"}],"curies":[{"name":"wp","href":"https:\/\/api.w.org\/{rel}","templated":true}]}}