{"id":4514,"date":"2026-03-26T01:44:06","date_gmt":"2026-03-26T01:44:06","guid":{"rendered":"https:\/\/applemarket.com.co\/pw\/?post_type=product&#038;p=4514"},"modified":"2026-03-26T02:15:43","modified_gmt":"2026-03-26T02:15:43","slug":"pencil-pro","status":"publish","type":"product","link":"https:\/\/applemarket.com.co\/pw\/product\/pencil-pro\/","title":{"rendered":"Pencil Pro"},"content":{"rendered":"","protected":false},"excerpt":{"rendered":"<p>Pencil Pro<\/p>\n<p>Color: Blanco, Rosado<\/p>\n<p>Es el l\u00e1piz digital m\u00e1s avanzado de Apple, dise\u00f1ado para creativos con funciones de apretar, girar y respuesta h\u00e1ptica. Ofrece precisi\u00f3n extrema, puntero flotante, y compatibilidad con el ecosistema Buscar.<\/p>\n","protected":false},"featured_media":4520,"comment_status":"open","ping_status":"closed","template":"","meta":{"pagelayer_contact_templates":[],"_pagelayer_content":""},"product_cat":[53],"product_tag":[],"class_list":{"0":"post-4514","1":"product","2":"type-product","3":"status-publish","4":"has-post-thumbnail","6":"product_brand-apple","7":"product_cat-ipad","9":"first","10":"instock","11":"virtual","12":"taxable","13":"purchasable","14":"product-type-simple"},"jetpack_sharing_enabled":true,"_links":{"self":[{"href":"https:\/\/applemarket.com.co\/pw\/wp-json\/wp\/v2\/product\/4514","targetHints":{"allow":["GET"]}}],"collection":[{"href":"https:\/\/applemarket.com.co\/pw\/wp-json\/wp\/v2\/product"}],"about":[{"href":"https:\/\/applemarket.com.co\/pw\/wp-json\/wp\/v2\/types\/product"}],"replies":[{"embeddable":true,"href":"https:\/\/applemarket.com.co\/pw\/wp-json\/wp\/v2\/comments?post=4514"}],"wp:featuredmedia":[{"embeddable":true,"href":"https:\/\/applemarket.com.co\/pw\/wp-json\/wp\/v2\/media\/4520"}],"wp:attachment":[{"href":"https:\/\/applemarket.com.co\/pw\/wp-json\/wp\/v2\/media?parent=4514"}],"wp:term":[{"taxonomy":"product_cat","embeddable":true,"href":"https:\/\/applemarket.com.co\/pw\/wp-json\/wp\/v2\/product_cat?post=4514"},{"taxonomy":"product_tag","embeddable":true,"href":"https:\/\/applemarket.com.co\/pw\/wp-json\/wp\/v2\/product_tag?post=4514"}],"curies":[{"name":"wp","href":"https:\/\/api.w.org\/{rel}","templated":true}]}}