{"id":4214,"date":"2026-03-13T02:02:45","date_gmt":"2026-03-13T02:02:45","guid":{"rendered":"https:\/\/applemarket.com.co\/pw\/?post_type=product&#038;p=4214"},"modified":"2026-03-14T01:51:10","modified_gmt":"2026-03-14T01:51:10","slug":"iphone-17-pro-max-256-gb","status":"publish","type":"product","link":"https:\/\/applemarket.com.co\/pw\/product\/iphone-17-pro-max-256-gb\/","title":{"rendered":"Iphone 17 Pro Max 256 Gb  E-Sim"},"content":{"rendered":"\t\t<div data-elementor-type=\"page\" data-elementor-id=\"3204\" class=\"elementor elementor-3204\">\n\t\t\t\t<div class=\"elementor-element elementor-element-36b4d9b1 e-con-full e-flex e-con e-parent\" data-id=\"36b4d9b1\" data-element_type=\"container\" data-e-type=\"container\">\n\t\t\t\t<div class=\"elementor-element elementor-element-6d15334b subtitle-position-above elementor-widget elementor-widget-heading\" data-id=\"6d15334b\" data-element_type=\"widget\" data-e-type=\"widget\" data-widget_type=\"heading.default\">\n\t\t\t\t<div class=\"elementor-widget-container\">\n\t\t\t\t\t<div class=\"elementor-heading-wrapper-inner\"><h2 class=\"elementor-heading-title elementor-size-xxl\">Apple Market<\/h2><\/div>\t\t\t\t<\/div>\n\t\t\t\t<\/div>\n\t\t\t\t<div class=\"elementor-element elementor-element-4ccf7720 elementor-widget elementor-widget-text-editor\" data-id=\"4ccf7720\" data-element_type=\"widget\" data-e-type=\"widget\" data-widget_type=\"text-editor.default\">\n\t\t\t\t\t\t\t\t\t<p>El iPhone 17 Pro Max es un dispositivo de gama alta destacado por su pantalla de 6.9 pulgadas, chip A19 Pro con refrigeraci\u00f3n por vapor y un sistema de tres c\u00e1maras de 48 MP. Enfocado en Apple Intelligence, ofrece 12 GB de RAM, bater\u00eda de gran autonom\u00eda y dise\u00f1o de aluminio con Ceramic Shield.<\/p>\t\t\t\t\t\t\t\t<\/div>\n\t\t<div class=\"elementor-element elementor-element-16b33dcf e-flex e-con-boxed e-con e-child\" data-id=\"16b33dcf\" data-element_type=\"container\" data-e-type=\"container\" data-settings=\"{&quot;background_background&quot;:&quot;classic&quot;}\">\n\t\t\t\t\t<div class=\"e-con-inner\">\n\t\t<div class=\"elementor-element elementor-element-5c294799 e-con-full e-flex e-con e-child\" data-id=\"5c294799\" data-element_type=\"container\" data-e-type=\"container\" data-settings=\"{&quot;background_background&quot;:&quot;slideshow&quot;,&quot;background_slideshow_gallery&quot;:[{&quot;id&quot;:4084,&quot;url&quot;:&quot;http:\\\/\\\/applemarket.com.co\\\/pw\\\/wp-content\\\/uploads\\\/2026\\\/03\\\/Apple-logo-iPhone.webp&quot;},{&quot;id&quot;:4180,&quot;url&quot;:&quot;http:\\\/\\\/applemarket.com.co\\\/pw\\\/wp-content\\\/uploads\\\/2024\\\/03\\\/banner_apple.png&quot;}],&quot;background_slideshow_slide_duration&quot;:500,&quot;background_slideshow_transition_duration&quot;:3000,&quot;background_slideshow_loop&quot;:&quot;yes&quot;,&quot;background_slideshow_slide_transition&quot;:&quot;fade&quot;}\">\n\t\t\t\t<\/div>\n\t\t\t\t\t<\/div>\n\t\t\t\t<\/div>\n\t\t\t\t<\/div>\n\t\t\t\t<\/div>\n\t\t\n","protected":false},"excerpt":{"rendered":"<p>Iphone 17 Pro Max 256Gb E-Sim<\/p>\n<p>Color: Plata, Naranja C\u00f3smico, Azul Profundo<\/p>\n<p>Dise\u00f1o unibody de aluminio<br \/>\nFrente de Ceramic Shield 2<br \/>\nParte posterior de Ceramic Shield<\/p>\n","protected":false},"featured_media":4218,"comment_status":"open","ping_status":"closed","template":"","meta":{"pagelayer_contact_templates":[],"_pagelayer_content":""},"product_cat":[55],"product_tag":[],"class_list":{"0":"post-4214","1":"product","2":"type-product","3":"status-publish","4":"has-post-thumbnail","6":"product_brand-apple","7":"product_cat-telefonos-celulares","9":"first","10":"instock","11":"virtual","12":"taxable","13":"purchasable","14":"product-type-simple"},"jetpack_sharing_enabled":true,"_links":{"self":[{"href":"https:\/\/applemarket.com.co\/pw\/wp-json\/wp\/v2\/product\/4214","targetHints":{"allow":["GET"]}}],"collection":[{"href":"https:\/\/applemarket.com.co\/pw\/wp-json\/wp\/v2\/product"}],"about":[{"href":"https:\/\/applemarket.com.co\/pw\/wp-json\/wp\/v2\/types\/product"}],"replies":[{"embeddable":true,"href":"https:\/\/applemarket.com.co\/pw\/wp-json\/wp\/v2\/comments?post=4214"}],"wp:featuredmedia":[{"embeddable":true,"href":"https:\/\/applemarket.com.co\/pw\/wp-json\/wp\/v2\/media\/4218"}],"wp:attachment":[{"href":"https:\/\/applemarket.com.co\/pw\/wp-json\/wp\/v2\/media?parent=4214"}],"wp:term":[{"taxonomy":"product_cat","embeddable":true,"href":"https:\/\/applemarket.com.co\/pw\/wp-json\/wp\/v2\/product_cat?post=4214"},{"taxonomy":"product_tag","embeddable":true,"href":"https:\/\/applemarket.com.co\/pw\/wp-json\/wp\/v2\/product_tag?post=4214"}],"curies":[{"name":"wp","href":"https:\/\/api.w.org\/{rel}","templated":true}]}}