{"id":4333,"date":"2026-03-14T14:36:35","date_gmt":"2026-03-14T14:36:35","guid":{"rendered":"https:\/\/applemarket.com.co\/pw\/?page_id=4333"},"modified":"2026-03-18T23:36:23","modified_gmt":"2026-03-18T23:36:23","slug":"garantia","status":"publish","type":"page","link":"https:\/\/applemarket.com.co\/pw\/garantia\/","title":{"rendered":"GARANT\u00cdA"},"content":{"rendered":"\t\t<div data-elementor-type=\"wp-page\" data-elementor-id=\"4333\" class=\"elementor elementor-4333\">\n\t\t\t\t<div class=\"elementor-element elementor-element-6958d5d e-con-full e-flex e-con e-parent\" data-id=\"6958d5d\" data-element_type=\"container\" data-e-type=\"container\">\n\t\t\t\t<div class=\"elementor-element elementor-element-7513e4da elementor-widget elementor-widget-text-editor\" data-id=\"7513e4da\" data-element_type=\"widget\" data-e-type=\"widget\" data-widget_type=\"text-editor.default\">\n\t\t\t\t\t\t\t\t\t\n<h3 class=\"wp-elements-d756465625d76e46f0aeb468db78174a\" style=\"text-align: center;\"><span style=\"color: #000000;\"><strong>TERMINOS Y CONDICIONES GARANT\u00cdA<\/strong><\/span><\/h3>\n<p class=\"has-black-color has-text-color has-link-color has-normal-font-size\" style=\"font-style: normal; font-weight: 500;\">1. Cuando un celular ingresa por garant\u00eda, el local tiene de 10 a 15 d\u00edas h\u00e1biles para procesar y entregar la reparaci\u00f3n o el reemplazo.<\/p>\n\n<p class=\"has-black-color has-text-color has-link-color has-normal-font-size wp-elements-8b88c475ce2dc0b9c70deea75d6c4184\" style=\"font-style: normal; font-weight: 500;\">2. La garant\u00eda se ofrece \u00fanicamente al cliente cuyo nombre aparece en la factura original.<\/p>\n\n<p class=\"has-black-color has-text-color has-link-color has-normal-font-size wp-elements-1e035ecbc74e9ebd47bcd2b10dbd0d00\" style=\"font-style: normal; font-weight: 500;\">3. Para tramitar una garant\u00eda, se requiere la presentaci\u00f3n de la c\u00e9dula de identidad del titular de la factura, para verificar que coincida con el nombre registrado.<\/p>\n\n<p class=\"has-black-color has-text-color has-link-color has-normal-font-size wp-elements-32be950987f97803244f072d44b4918c\" style=\"font-style: normal; font-weight: 500;\">4. Los dispositivos de exhibici\u00f3n tienen 6 meses de garant\u00eda.<\/p>\n\n<p class=\"has-black-color has-text-color has-link-color has-normal-font-size wp-elements-60e4d71ad94a9fcd2b8a0f399df1cd14\" style=\"font-style: normal; font-weight: 500;\">5. Los equipos nuevos cuentan con 1 a\u00f1o de garant\u00eda respaldada por la marca.<\/p>\n\n<p class=\"has-black-color has-text-color has-link-color has-normal-font-size wp-elements-b93887bd0030a60c41d803c857cc84c7\" style=\"font-style: normal; font-weight: 500;\">6. Todos nuestros dispositivos incluyen una garant\u00eda de por vida de IMEI.<\/p>\n\n<p class=\"has-black-color has-text-color has-link-color has-normal-font-size wp-elements-3caf949faa341224a3eb871720547653\" style=\"font-style: normal; font-weight: 500;\">7. No se proporciona garant\u00eda en los siguientes casos:<\/p>\n\n<p class=\"has-black-color has-text-color has-link-color has-normal-font-size wp-elements-75e4dfe76b0d46b4ccc6ba6c43929a0c\" style=\"font-style: normal; font-weight: 500;\">\u00a0\u00a0 \u2022 Da\u00f1os por l\u00edquidos o equipos mojados.<\/p>\n\n<p class=\"has-black-color has-text-color has-link-color has-normal-font-size wp-elements-6670f018798943c06ded490d6242028f\" style=\"font-style: normal; font-weight: 500;\">\u00a0\u00a0 \u2022 Equipos que no encienden.<\/p>\n\n<p class=\"has-black-color has-text-color has-link-color has-normal-font-size wp-elements-1d7d243b4fc56e0bca2032d91a7c3d2a\" style=\"font-style: normal; font-weight: 500; text-align: left;\">\u00a0 \u00a0\u2022 Pantallas da\u00f1adas, con problemas de visualizaci\u00f3n, manchas, o Face ID que no funcione debido a golpes, presiones fuertes o cualquier otro da\u00f1o f\u00edsico.<\/p>\n\n<p class=\"has-black-color has-text-color has-link-color has-normal-font-size wp-elements-c8b57e637b239235874e5531ccdd4b55\" style=\"font-style: normal; font-weight: 500;\">8. NO se dar\u00e1 garant\u00eda sin la factura original o si la persona que acude no es el titular registrado en la factura.<\/p>\n\n<p class=\"has-black-color has-text-color has-link-color has-normal-font-size wp-elements-8698d989555e1053948622dcc6825625\" style=\"font-style: normal; font-weight: 500;\">9. Los art\u00edculos de r\u00e9plica tienen una garant\u00eda de 3 meses.<\/p>\n\n<p class=\"has-black-color has-text-color has-link-color has-normal-font-size wp-elements-0422789a626becfd3ec18cc2a014954c\" style=\"font-style: normal; font-weight: 500;\">10. No se cubren da\u00f1os ocasionados por actualizaciones de software que afecten el funcionamiento del celular.<\/p>\n\n<p class=\"has-black-color has-text-color has-link-color has-normal-font-size wp-elements-21003b1d395f73573aa54a28134fd6f7\" style=\"font-style: normal; font-weight: 500;\">11. No se ofrece garant\u00eda por equipos reportados como \u201cno registrados\u201d en las bases de datos oficiales.<\/p>\n\n<p class=\"has-black-color has-text-color has-link-color has-normal-font-size wp-elements-58be22b85561222b0347af96afed2a6b\" style=\"font-style: normal; font-weight: 500;\">12. No se realizan devoluciones de dinero.<\/p>\n\t\t\t\t\t\t\t\t<\/div>\n\t\t\t\t<\/div>\n\t\t\t\t<\/div>\n\t\t","protected":false},"excerpt":{"rendered":"<p>TERMINOS Y CONDICIONES GARANT\u00cdA 1. Cuando un celular ingresa por garant\u00eda, el local tiene de 10 a 15 d\u00edas h\u00e1biles para procesar y entregar la reparaci\u00f3n o el reemplazo. 2. La garant\u00eda se ofrece \u00fanicamente al cliente cuyo nombre aparece en la factura original. 3. Para tramitar una garant\u00eda, se requiere la presentaci\u00f3n de la [&hellip;]<\/p>\n","protected":false},"author":1,"featured_media":0,"parent":0,"menu_order":0,"comment_status":"closed","ping_status":"closed","template":"","meta":{"pagelayer_contact_templates":[],"_pagelayer_content":"","footnotes":""},"class_list":["post-4333","page","type-page","status-publish","hentry"],"jetpack_sharing_enabled":true,"_links":{"self":[{"href":"https:\/\/applemarket.com.co\/pw\/wp-json\/wp\/v2\/pages\/4333","targetHints":{"allow":["GET"]}}],"collection":[{"href":"https:\/\/applemarket.com.co\/pw\/wp-json\/wp\/v2\/pages"}],"about":[{"href":"https:\/\/applemarket.com.co\/pw\/wp-json\/wp\/v2\/types\/page"}],"author":[{"embeddable":true,"href":"https:\/\/applemarket.com.co\/pw\/wp-json\/wp\/v2\/users\/1"}],"replies":[{"embeddable":true,"href":"https:\/\/applemarket.com.co\/pw\/wp-json\/wp\/v2\/comments?post=4333"}],"version-history":[{"count":34,"href":"https:\/\/applemarket.com.co\/pw\/wp-json\/wp\/v2\/pages\/4333\/revisions"}],"predecessor-version":[{"id":4503,"href":"https:\/\/applemarket.com.co\/pw\/wp-json\/wp\/v2\/pages\/4333\/revisions\/4503"}],"wp:attachment":[{"href":"https:\/\/applemarket.com.co\/pw\/wp-json\/wp\/v2\/media?parent=4333"}],"curies":[{"name":"wp","href":"https:\/\/api.w.org\/{rel}","templated":true}]}}